{"id":277,"date":"2015-07-17T22:26:29","date_gmt":"2015-07-17T20:26:29","guid":{"rendered":"https:\/\/ewmar.com.pl\/en\/?page_id=277"},"modified":"2015-07-17T22:26:29","modified_gmt":"2015-07-17T20:26:29","slug":"work","status":"publish","type":"page","link":"https:\/\/ewmar.com.pl\/en\/about-the-company\/work\/","title":{"rendered":"Work"},"content":{"rendered":"<p>W chwili obecnej poszukujemy os\u00f3b na nast\u0119puj\u0105ce stanowiska:<\/p>\n<p>\t\t\t\t\t\t\t\t\t<span class=\"office\">Specjalista ds. handlowych i doradztwa technicznego<\/span><\/p>\n<p><strong>Wymagania:<\/strong><\/p>\n<ul class=\"job\">\n<li>Wykszta\u0142cenie techniczne<\/li>\n<li>Do\u015bwiadczenie handlowe<\/li>\n<li>Mile widziana znajomo\u015b\u0107 j\u0119zyka angielskiego<\/li>\n<li>Do\u015bwiadczenie w bran\u017cy kotlarskiej b\u0119dzie dodatkowym atutem<\/li>\n<\/ul>\n<p>\t\t\t\t\t\t\t\t\t<span class=\"office\">Specjalista ds. handlowych i doradztwa technicznego<\/span><\/p>\n<p><strong>Wymagania:<\/strong><\/p>\n<ul class=\"job\">\n<li>Wykszta\u0142cenie techniczne<\/li>\n<li>Do\u015bwiadczenie handlowe<\/li>\n<li>Mile widziana znajomo\u015b\u0107 j\u0119zyka angielskiego<\/li>\n<li>Do\u015bwiadczenie w bran\u017cy kotlarskiej b\u0119dzie dodatkowym atutem<\/li>\n<\/ul>\n","protected":false},"excerpt":{"rendered":"<p>W chwili obecnej poszukujemy os\u00f3b na nast\u0119puj\u0105ce stanowiska: Specjalista ds. handlowych i doradztwa technicznego Wymagania: Wykszta\u0142cenie techniczne Do\u015bwiadczenie handlowe Mile widziana znajomo\u015b\u0107 j\u0119zyka angielskiego Do\u015bwiadczenie w bran\u017cy kotlarskiej b\u0119dzie dodatkowym atutem Specjalista ds. handlowych i doradztwa technicznego Wymagania: Wykszta\u0142cenie techniczne Do\u015bwiadczenie handlowe Mile widziana znajomo\u015b\u0107 j\u0119zyka angielskiego Do\u015bwiadczenie w bran\u017cy kotlarskiej b\u0119dzie dodatkowym atutem<\/p>\n","protected":false},"author":9,"featured_media":0,"parent":263,"menu_order":0,"comment_status":"open","ping_status":"closed","template":"","meta":{"_acf_changed":false,"om_disable_all_campaigns":false,"inline_featured_image":false,"_monsterinsights_skip_tracking":false,"_monsterinsights_sitenote_active":false,"_monsterinsights_sitenote_note":"","_monsterinsights_sitenote_category":0,"footnotes":""},"class_list":["post-277","page","type-page","status-publish","hentry"],"acf":[],"aioseo_notices":[],"_links":{"self":[{"href":"https:\/\/ewmar.com.pl\/en\/wp-json\/wp\/v2\/pages\/277"}],"collection":[{"href":"https:\/\/ewmar.com.pl\/en\/wp-json\/wp\/v2\/pages"}],"about":[{"href":"https:\/\/ewmar.com.pl\/en\/wp-json\/wp\/v2\/types\/page"}],"author":[{"embeddable":true,"href":"https:\/\/ewmar.com.pl\/en\/wp-json\/wp\/v2\/users\/9"}],"replies":[{"embeddable":true,"href":"https:\/\/ewmar.com.pl\/en\/wp-json\/wp\/v2\/comments?post=277"}],"version-history":[{"count":1,"href":"https:\/\/ewmar.com.pl\/en\/wp-json\/wp\/v2\/pages\/277\/revisions"}],"predecessor-version":[{"id":278,"href":"https:\/\/ewmar.com.pl\/en\/wp-json\/wp\/v2\/pages\/277\/revisions\/278"}],"up":[{"embeddable":true,"href":"https:\/\/ewmar.com.pl\/en\/wp-json\/wp\/v2\/pages\/263"}],"wp:attachment":[{"href":"https:\/\/ewmar.com.pl\/en\/wp-json\/wp\/v2\/media?parent=277"}],"curies":[{"name":"wp","href":"https:\/\/api.w.org\/{rel}","templated":true}]}}